{"id":25975232,"date":"2026-01-04T18:07:56","date_gmt":"2026-01-04T18:07:56","guid":{"rendered":"https:\/\/lameldelavijoan.cat\/?page_id=25975232"},"modified":"2026-01-04T18:32:06","modified_gmt":"2026-01-04T18:32:06","slug":"contacta-amb-nosaltres","status":"publish","type":"page","link":"https:\/\/lameldelavijoan.cat\/es\/contacta-amb-nosaltres\/","title":{"rendered":"Contacta con nosotros"},"content":{"rendered":"\n[et_pb_section fb_built=&#8221;1&#8243; _builder_version=&#8221;4.27.5&#8243; _module_preset=&#8221;default&#8221; background_color=&#8221;rgba(0,0,0,0.36)&#8221; background_image=&#8221;https:\/\/lameldelavijoan.cat\/wp-content\/uploads\/2025\/09\/Disseny-sense-titol-6.png&#8221; background_blend=&#8221;overlay&#8221; hover_enabled=&#8221;0&#8243; global_colors_info=&#8221;{}&#8221; sticky_enabled=&#8221;0&#8243; custom_margin=&#8221;||||false|false&#8221; custom_margin_last_edited=&#8221;on|phone&#8221; custom_margin_phone=&#8221;||-12%||false|false&#8221; custom_margin_tablet=&#8221;||||false|false&#8221;][et_pb_row _builder_version=&#8221;4.27.5&#8243; _module_preset=&#8221;default&#8221; custom_margin=&#8221;5%||||false|false&#8221; hover_enabled=&#8221;0&#8243; global_colors_info=&#8221;{}&#8221; module_id=&#8221;contactans&#8221; sticky_enabled=&#8221;0&#8243;][et_pb_column type=&#8221;4_4&#8243; _builder_version=&#8221;4.27.5&#8243; _module_preset=&#8221;default&#8221; global_colors_info=&#8221;{}&#8221;][et_pb_text _builder_version=&#8221;4.27.5&#8243; _module_preset=&#8221;default&#8221; text_font=&#8221;Lato||||||||&#8221; text_text_color=&#8221;#FFFFFF&#8221; text_font_size=&#8221;17px&#8221; header_font=&#8221;Abhaya Libre||||||||&#8221; header_font_size=&#8221;50px&#8221; hover_enabled=&#8221;0&#8243; global_colors_info=&#8221;{}&#8221; header_text_color=&#8221;#FFFFFF&#8221; sticky_enabled=&#8221;0&#8243; header_font_size_last_edited=&#8221;on|phone&#8221; header_font_size_phone=&#8221;32px&#8221; content_last_edited=&#8221;on|phone&#8221; content_phone=&#8221;<h1 style=%22text-align: center;%22><span style=%22color: #ffffff;%22><strong>Contacta amb nosaltres<\/strong><\/span><\/h1>&#8221; header_font_size_tablet=&#8221;50px&#8221; content_tablet=&#8221;<h1 style=%22text-align: center;%22><span style=%22color: #ffffff;%22><strong>Contacta amb La Mel de l&#8217;Avi Joan<\/strong><\/span><\/h1>&#8220;]<h1 style=\"text-align: center;\"><span style=\"color: #ffffff;\"><strong>Contacta amb La Mel de l&#8217;Avi Joan<\/strong><\/span><\/h1>[\/et_pb_text][\/et_pb_column][\/et_pb_row][\/et_pb_section][et_pb_section fb_built=&#8221;1&#8243; _builder_version=&#8221;4.27.5&#8243; _module_preset=&#8221;default&#8221; background_color=&#8221;rgba(255,255,255,0.58)&#8221; background_image=&#8221;https:\/\/lameldelavijoan.cat\/wp-content\/uploads\/2025\/09\/PHOTO-2025-09-05-15-47-44.jpg&#8221; background_blend=&#8221;screen&#8221; custom_margin=&#8221;||||false|false&#8221; hover_enabled=&#8221;0&#8243; global_colors_info=&#8221;{}&#8221; custom_margin_last_edited=&#8221;on|phone&#8221; custom_margin_phone=&#8221;0px||||false|false&#8221; custom_padding_last_edited=&#8221;on|phone&#8221; custom_padding_phone=&#8221;||0px||false|false&#8221; sticky_enabled=&#8221;0&#8243; custom_margin_tablet=&#8221;||||false|false&#8221;][et_pb_row column_structure=&#8221;2_5,3_5&#8243; _builder_version=&#8221;4.27.5&#8243; _module_preset=&#8221;default&#8221; hover_enabled=&#8221;0&#8243; global_colors_info=&#8221;{}&#8221; custom_padding=&#8221;0px||70px|||&#8221; width_last_edited=&#8221;on|phone&#8221; sticky_enabled=&#8221;0&#8243; width_phone=&#8221;90%&#8221;][et_pb_column type=&#8221;2_5&#8243; _builder_version=&#8221;4.27.5&#8243; _module_preset=&#8221;default&#8221; global_colors_info=&#8221;{}&#8221;][et_pb_text _builder_version=&#8221;4.27.5&#8243; _module_preset=&#8221;default&#8221; text_font=&#8221;Lato||||||||&#8221; text_text_color=&#8221;#FFFFFF&#8221; text_font_size=&#8221;17px&#8221; header_font=&#8221;Abhaya Libre||||||||&#8221; header_font_size=&#8221;50px&#8221; hover_enabled=&#8221;0&#8243; global_colors_info=&#8221;{}&#8221; header_text_color=&#8221;#FFFFFF&#8221; sticky_enabled=&#8221;0&#8243; header_2_font=&#8221;Abhaya Libre||||||||&#8221; header_2_font_size=&#8221;32px&#8221; custom_margin=&#8221;||0px|||&#8221; header_2_text_align_last_edited=&#8221;on|phone&#8221; header_2_text_align_phone=&#8221;center&#8221;]<h2><strong>Escriu-nos!<\/strong><\/h2>[\/et_pb_text][et_pb_contact_form success_message=&#8221;Missatge enviat!&#8221; submit_button_text=&#8221;Enviar&#8221; _builder_version=&#8221;4.27.5&#8243; _module_preset=&#8221;default&#8221; _unique_id=&#8221;4758fd64-843c-4a06-876f-023050d8f668&#8243; form_field_background_color=&#8221;#f2f2f2&#8243; custom_button=&#8221;on&#8221; button_text_color=&#8221;#403e3f&#8221; button_bg_color=&#8221;#f2ce1b&#8221; button_border_width=&#8221;1.5px&#8221; hover_enabled=&#8221;0&#8243; global_colors_info=&#8221;{}&#8221; button_border_color__hover_enabled=&#8221;on|desktop&#8221; sticky_enabled=&#8221;0&#8243; form_field_focus_text_color=&#8221;#403e3f&#8221; form_field_text_color=&#8221;#403e3f&#8221; captcha_text_color=&#8221;#403e3f&#8221; button_custom_margin=&#8221;||||false|false&#8221; button_custom_padding=&#8221;||||false|false&#8221;][et_pb_contact_field field_id=&#8221;Nom&#8221; field_title=&#8221;Nom&#8221; _builder_version=&#8221;4.27.5&#8243; global_colors_info=&#8221;{}&#8221; button_text_size__hover_enabled=&#8221;off&#8221; button_one_text_size__hover_enabled=&#8221;off&#8221; button_two_text_size__hover_enabled=&#8221;off&#8221; button_text_color__hover_enabled=&#8221;off&#8221; button_one_text_color__hover_enabled=&#8221;off&#8221; button_two_text_color__hover_enabled=&#8221;off&#8221; button_border_width__hover_enabled=&#8221;off&#8221; button_one_border_width__hover_enabled=&#8221;off&#8221; button_two_border_width__hover_enabled=&#8221;off&#8221; button_border_color__hover_enabled=&#8221;off&#8221; button_one_border_color__hover_enabled=&#8221;off&#8221; button_two_border_color__hover_enabled=&#8221;off&#8221; button_border_radius__hover_enabled=&#8221;off&#8221; button_one_border_radius__hover_enabled=&#8221;off&#8221; button_two_border_radius__hover_enabled=&#8221;off&#8221; button_letter_spacing__hover_enabled=&#8221;off&#8221; button_one_letter_spacing__hover_enabled=&#8221;off&#8221; button_two_letter_spacing__hover_enabled=&#8221;off&#8221; button_bg_color__hover_enabled=&#8221;off&#8221; button_one_bg_color__hover_enabled=&#8221;off&#8221; button_two_bg_color__hover_enabled=&#8221;off&#8221;][\/et_pb_contact_field][et_pb_contact_field field_id=&#8221;Correu_electr\u00f2nic&#8221; field_title=&#8221;Correu electr\u00f2nic&#8221; field_type=&#8221;email&#8221; _builder_version=&#8221;4.27.5&#8243; global_colors_info=&#8221;{}&#8221; button_text_size__hover_enabled=&#8221;off&#8221; button_one_text_size__hover_enabled=&#8221;off&#8221; button_two_text_size__hover_enabled=&#8221;off&#8221; button_text_color__hover_enabled=&#8221;off&#8221; button_one_text_color__hover_enabled=&#8221;off&#8221; button_two_text_color__hover_enabled=&#8221;off&#8221; button_border_width__hover_enabled=&#8221;off&#8221; button_one_border_width__hover_enabled=&#8221;off&#8221; button_two_border_width__hover_enabled=&#8221;off&#8221; button_border_color__hover_enabled=&#8221;off&#8221; button_one_border_color__hover_enabled=&#8221;off&#8221; button_two_border_color__hover_enabled=&#8221;off&#8221; button_border_radius__hover_enabled=&#8221;off&#8221; button_one_border_radius__hover_enabled=&#8221;off&#8221; button_two_border_radius__hover_enabled=&#8221;off&#8221; button_letter_spacing__hover_enabled=&#8221;off&#8221; button_one_letter_spacing__hover_enabled=&#8221;off&#8221; button_two_letter_spacing__hover_enabled=&#8221;off&#8221; button_bg_color__hover_enabled=&#8221;off&#8221; button_one_bg_color__hover_enabled=&#8221;off&#8221; button_two_bg_color__hover_enabled=&#8221;off&#8221;][\/et_pb_contact_field][et_pb_contact_field field_id=&#8221;Missatge&#8221; field_title=&#8221;Missatge&#8221; field_type=&#8221;text&#8221; fullwidth_field=&#8221;on&#8221; _builder_version=&#8221;4.27.5&#8243; global_colors_info=&#8221;{}&#8221; button_text_size__hover_enabled=&#8221;off&#8221; button_one_text_size__hover_enabled=&#8221;off&#8221; button_two_text_size__hover_enabled=&#8221;off&#8221; button_text_color__hover_enabled=&#8221;off&#8221; button_one_text_color__hover_enabled=&#8221;off&#8221; button_two_text_color__hover_enabled=&#8221;off&#8221; button_border_width__hover_enabled=&#8221;off&#8221; button_one_border_width__hover_enabled=&#8221;off&#8221; button_two_border_width__hover_enabled=&#8221;off&#8221; button_border_color__hover_enabled=&#8221;off&#8221; button_one_border_color__hover_enabled=&#8221;off&#8221; button_two_border_color__hover_enabled=&#8221;off&#8221; button_border_radius__hover_enabled=&#8221;off&#8221; button_one_border_radius__hover_enabled=&#8221;off&#8221; button_two_border_radius__hover_enabled=&#8221;off&#8221; button_letter_spacing__hover_enabled=&#8221;off&#8221; button_one_letter_spacing__hover_enabled=&#8221;off&#8221; button_two_letter_spacing__hover_enabled=&#8221;off&#8221; button_bg_color__hover_enabled=&#8221;off&#8221; button_one_bg_color__hover_enabled=&#8221;off&#8221; button_two_bg_color__hover_enabled=&#8221;off&#8221;][\/et_pb_contact_field][\/et_pb_contact_form][\/et_pb_column][et_pb_column type=&#8221;3_5&#8243; _builder_version=&#8221;4.27.5&#8243; _module_preset=&#8221;default&#8221; global_colors_info=&#8221;{}&#8221;][et_pb_code _builder_version=&#8221;4.27.5&#8243; _module_preset=&#8221;default&#8221; hover_enabled=&#8221;0&#8243; custom_css_free_form=&#8221;\/* Instaclass *\/||.mapouter { -webkit-filter: grayscale(100%); }&#8221; global_colors_info=&#8221;{}&#8221; sticky_enabled=&#8221;0&#8243; border_radii=&#8221;on|5px|5px|5px|5px&#8221; custom_margin_last_edited=&#8221;on|phone&#8221; custom_margin_phone=&#8221;7%||||false|false&#8221;]<div class=\"mapouter\"><div class=\"gmap_canvas\"><iframe class=\"gmap_iframe\" width=\"100%\" frameborder=\"0\" scrolling=\"no\" marginheight=\"0\" marginwidth=\"0\" src=\"https:\/\/maps.google.com\/maps?width=600&#038;height=400&#038;hl=en&#038;q=Cal ventet olvan&#038;t=&#038;z=11&#038;ie=UTF8&#038;iwloc=B&#038;output=embed\"><\/iframe><\/div><style>.mapouter{position:relative;text-align:right;width:100%;height:400px;}.gmap_canvas {overflow:hidden;background:none!important;width:100%;height:400px;}.gmap_iframe {height:400px!important;}<\/style><\/div>[\/et_pb_code][\/et_pb_column][\/et_pb_row][et_pb_row _builder_version=&#8221;4.27.5&#8243; _module_preset=&#8221;default&#8221; custom_padding=&#8221;0px|||||&#8221; width_last_edited=&#8221;on|phone&#8221; width_phone=&#8221;100%&#8221; hover_enabled=&#8221;0&#8243; sticky_enabled=&#8221;0&#8243;][et_pb_column _builder_version=&#8221;4.27.5&#8243; _module_preset=&#8221;default&#8221; type=&#8221;4_4&#8243;][et_pb_cta title=&#8221;Sabies qu\u00e8 les abelles es comuniquen entre elles mitjan\u00e7ant una dansa per indicar on trobar el n\u00e8ctar?&#8221; button_text=&#8221;Contacta&#8217;ns!&#8221; _builder_version=&#8221;4.27.5&#8243; _module_preset=&#8221;default&#8221; background_color=&#8221;#403e3f&#8221; body_font_size=&#8221;19px&#8221; body_font=&#8221;Lato||||||||&#8221; button_url=&#8221;#contactans&#8221; link_option_url=&#8221;#contactans&#8221; hover_enabled=&#8221;0&#8243; sticky_enabled=&#8221;0&#8243; border_radii=&#8221;on|5px|5px|5px|5px&#8221; header_line_height=&#8221;1.3em&#8221; custom_margin=&#8221;||40px|||&#8221; header_font_size_last_edited=&#8221;on|phone&#8221; header_font_size_phone=&#8221;18px&#8221; content_last_edited=&#8221;on|phone&#8221; content_phone=&#8221;&#8221; border_radii_last_edited=&#8221;on|phone&#8221; border_radii_phone=&#8221;on|0px|0px|0px|0px&#8221; custom_margin_last_edited=&#8221;on|phone&#8221; custom_margin_phone=&#8221;0px||0px||false|false&#8221; custom_button=&#8221;on&#8221; button_border_width=&#8221;1.5px&#8221; content_tablet=&#8221;<p style=%22text-align: center;%22><span>Sigui el que sigui, escriu-nos i estarem encantats d\u2019ajudar-te.<\/span><\/p>&#8221; border_radii_tablet=&#8221;on|5px|5px|5px|5px&#8221; custom_margin_tablet=&#8221;||40px|||&#8221;]<p style=\"text-align: center;\"><span>Sigui el que sigui, escriu-nos i estarem encantats d\u2019ajudar-te.<\/span><\/p>[\/et_pb_cta][\/et_pb_column][\/et_pb_row][\/et_pb_section]\n","protected":false},"excerpt":{"rendered":"<p>Contacta amb La Mel de l&#8217;Avi JoanEscriu-nos!Sigui el que sigui, escriu-nos i estarem encantats d\u2019ajudar-te.<\/p>","protected":false},"author":1,"featured_media":25975082,"parent":0,"menu_order":0,"comment_status":"closed","ping_status":"closed","template":"","meta":{"_et_pb_use_builder":"on","_et_pb_old_content":"","_et_gb_content_width":"","footnotes":""},"class_list":["post-25975232","page","type-page","status-publish","has-post-thumbnail","hentry"],"yoast_head":"<!-- This site is optimized with the Yoast SEO plugin v27.5 - https:\/\/yoast.com\/product\/yoast-seo-wordpress\/ -->\n<title>Contacta amb nosaltres - La Mel de l&#039;Avi Joan<\/title>\n<meta name=\"description\" content=\"Tens dubtes sobre La Mel de l&#039;Avi Joan? Necessites ajuda amb la teva comanda? Contacta amb nosaltres i t&#039;ajudarem.\" \/>\n<meta name=\"robots\" content=\"index, follow, max-snippet:-1, max-image-preview:large, max-video-preview:-1\" \/>\n<link rel=\"canonical\" href=\"https:\/\/lameldelavijoan.cat\/es\/contacta-amb-nosaltres\/\" \/>\n<meta property=\"og:locale\" content=\"es_ES\" \/>\n<meta property=\"og:type\" content=\"article\" \/>\n<meta property=\"og:title\" content=\"Contacta amb nosaltres - La Mel de l&#039;Avi Joan\" \/>\n<meta property=\"og:description\" content=\"Tens dubtes sobre La Mel de l&#039;Avi Joan? Necessites ajuda amb la teva comanda? Contacta amb nosaltres i t&#039;ajudarem.\" \/>\n<meta property=\"og:url\" content=\"https:\/\/lameldelavijoan.cat\/es\/contacta-amb-nosaltres\/\" \/>\n<meta property=\"og:site_name\" content=\"La Mel de l&#039;Avi Joan\" \/>\n<meta property=\"article:modified_time\" content=\"2026-01-04T18:32:06+00:00\" \/>\n<meta property=\"og:image\" content=\"https:\/\/lameldelavijoan.cat\/wp-content\/uploads\/2025\/12\/1a8ce0ab-6cf8-451f-acf3-3cf3eb39e3f8-1.webp\" \/>\n\t<meta property=\"og:image:width\" content=\"1590\" \/>\n\t<meta property=\"og:image:height\" content=\"1328\" \/>\n\t<meta property=\"og:image:type\" content=\"image\/webp\" \/>\n<meta name=\"twitter:card\" content=\"summary_large_image\" \/>\n<meta name=\"twitter:label1\" content=\"Tiempo de lectura\" \/>\n\t<meta name=\"twitter:data1\" content=\"1 minuto\" \/>\n<script type=\"application\/ld+json\" class=\"yoast-schema-graph\">{\"@context\":\"https:\\\/\\\/schema.org\",\"@graph\":[{\"@type\":\"WebPage\",\"@id\":\"https:\\\/\\\/lameldelavijoan.cat\\\/contacta-amb-nosaltres\\\/\",\"url\":\"https:\\\/\\\/lameldelavijoan.cat\\\/contacta-amb-nosaltres\\\/\",\"name\":\"Contacta amb nosaltres - La Mel de l&#039;Avi Joan\",\"isPartOf\":{\"@id\":\"https:\\\/\\\/lameldelavijoan.cat\\\/#website\"},\"primaryImageOfPage\":{\"@id\":\"https:\\\/\\\/lameldelavijoan.cat\\\/contacta-amb-nosaltres\\\/#primaryimage\"},\"image\":{\"@id\":\"https:\\\/\\\/lameldelavijoan.cat\\\/contacta-amb-nosaltres\\\/#primaryimage\"},\"thumbnailUrl\":\"https:\\\/\\\/lameldelavijoan.cat\\\/wp-content\\\/uploads\\\/2025\\\/12\\\/1a8ce0ab-6cf8-451f-acf3-3cf3eb39e3f8-1.webp\",\"datePublished\":\"2026-01-04T18:07:56+00:00\",\"dateModified\":\"2026-01-04T18:32:06+00:00\",\"description\":\"Tens dubtes sobre La Mel de l'Avi Joan? Necessites ajuda amb la teva comanda? Contacta amb nosaltres i t'ajudarem.\",\"breadcrumb\":{\"@id\":\"https:\\\/\\\/lameldelavijoan.cat\\\/contacta-amb-nosaltres\\\/#breadcrumb\"},\"inLanguage\":\"es\",\"potentialAction\":[{\"@type\":\"ReadAction\",\"target\":[\"https:\\\/\\\/lameldelavijoan.cat\\\/contacta-amb-nosaltres\\\/\"]}]},{\"@type\":\"ImageObject\",\"inLanguage\":\"es\",\"@id\":\"https:\\\/\\\/lameldelavijoan.cat\\\/contacta-amb-nosaltres\\\/#primaryimage\",\"url\":\"https:\\\/\\\/lameldelavijoan.cat\\\/wp-content\\\/uploads\\\/2025\\\/12\\\/1a8ce0ab-6cf8-451f-acf3-3cf3eb39e3f8-1.webp\",\"contentUrl\":\"https:\\\/\\\/lameldelavijoan.cat\\\/wp-content\\\/uploads\\\/2025\\\/12\\\/1a8ce0ab-6cf8-451f-acf3-3cf3eb39e3f8-1.webp\",\"width\":1590,\"height\":1328},{\"@type\":\"BreadcrumbList\",\"@id\":\"https:\\\/\\\/lameldelavijoan.cat\\\/contacta-amb-nosaltres\\\/#breadcrumb\",\"itemListElement\":[{\"@type\":\"ListItem\",\"position\":1,\"name\":\"Home\",\"item\":\"https:\\\/\\\/lameldelavijoan.cat\\\/\"},{\"@type\":\"ListItem\",\"position\":2,\"name\":\"Contacta amb nosaltres\"}]},{\"@type\":\"WebSite\",\"@id\":\"https:\\\/\\\/lameldelavijoan.cat\\\/#website\",\"url\":\"https:\\\/\\\/lameldelavijoan.cat\\\/\",\"name\":\"La Mel de l'Avi Joan\",\"description\":\"La Mel de l&#039;Avi Joan - Mel artesana del Bergued\u00e0\",\"publisher\":{\"@id\":\"https:\\\/\\\/lameldelavijoan.cat\\\/#organization\"},\"alternateName\":\"La Mel de l'Avi Joan\",\"potentialAction\":[{\"@type\":\"SearchAction\",\"target\":{\"@type\":\"EntryPoint\",\"urlTemplate\":\"https:\\\/\\\/lameldelavijoan.cat\\\/?s={search_term_string}\"},\"query-input\":{\"@type\":\"PropertyValueSpecification\",\"valueRequired\":true,\"valueName\":\"search_term_string\"}}],\"inLanguage\":\"es\"},{\"@type\":\"Organization\",\"@id\":\"https:\\\/\\\/lameldelavijoan.cat\\\/#organization\",\"name\":\"La Mel de l'Avi Joan\",\"url\":\"https:\\\/\\\/lameldelavijoan.cat\\\/\",\"logo\":{\"@type\":\"ImageObject\",\"inLanguage\":\"es\",\"@id\":\"https:\\\/\\\/lameldelavijoan.cat\\\/#\\\/schema\\\/logo\\\/image\\\/\",\"url\":\"https:\\\/\\\/lameldelavijoan.cat\\\/wp-content\\\/uploads\\\/2025\\\/09\\\/Grafics.ai-3.png\",\"contentUrl\":\"https:\\\/\\\/lameldelavijoan.cat\\\/wp-content\\\/uploads\\\/2025\\\/09\\\/Grafics.ai-3.png\",\"width\":84,\"height\":74,\"caption\":\"La Mel de l'Avi Joan\"},\"image\":{\"@id\":\"https:\\\/\\\/lameldelavijoan.cat\\\/#\\\/schema\\\/logo\\\/image\\\/\"}}]}<\/script>\n<!-- \/ Yoast SEO plugin. -->","yoast_head_json":{"title":"Contacta amb nosaltres - La Mel de l&#039;Avi Joan","description":"Tens dubtes sobre La Mel de l'Avi Joan? Necessites ajuda amb la teva comanda? Contacta amb nosaltres i t'ajudarem.","robots":{"index":"index","follow":"follow","max-snippet":"max-snippet:-1","max-image-preview":"max-image-preview:large","max-video-preview":"max-video-preview:-1"},"canonical":"https:\/\/lameldelavijoan.cat\/es\/contacta-amb-nosaltres\/","og_locale":"es_ES","og_type":"article","og_title":"Contacta amb nosaltres - La Mel de l&#039;Avi Joan","og_description":"Tens dubtes sobre La Mel de l'Avi Joan? Necessites ajuda amb la teva comanda? Contacta amb nosaltres i t'ajudarem.","og_url":"https:\/\/lameldelavijoan.cat\/es\/contacta-amb-nosaltres\/","og_site_name":"La Mel de l&#039;Avi Joan","article_modified_time":"2026-01-04T18:32:06+00:00","og_image":[{"width":1590,"height":1328,"url":"https:\/\/lameldelavijoan.cat\/wp-content\/uploads\/2025\/12\/1a8ce0ab-6cf8-451f-acf3-3cf3eb39e3f8-1.webp","type":"image\/webp"}],"twitter_card":"summary_large_image","twitter_misc":{"Tiempo de lectura":"1 minuto"},"schema":{"@context":"https:\/\/schema.org","@graph":[{"@type":"WebPage","@id":"https:\/\/lameldelavijoan.cat\/contacta-amb-nosaltres\/","url":"https:\/\/lameldelavijoan.cat\/contacta-amb-nosaltres\/","name":"Contacta amb nosaltres - La Mel de l&#039;Avi Joan","isPartOf":{"@id":"https:\/\/lameldelavijoan.cat\/#website"},"primaryImageOfPage":{"@id":"https:\/\/lameldelavijoan.cat\/contacta-amb-nosaltres\/#primaryimage"},"image":{"@id":"https:\/\/lameldelavijoan.cat\/contacta-amb-nosaltres\/#primaryimage"},"thumbnailUrl":"https:\/\/lameldelavijoan.cat\/wp-content\/uploads\/2025\/12\/1a8ce0ab-6cf8-451f-acf3-3cf3eb39e3f8-1.webp","datePublished":"2026-01-04T18:07:56+00:00","dateModified":"2026-01-04T18:32:06+00:00","description":"Tens dubtes sobre La Mel de l'Avi Joan? Necessites ajuda amb la teva comanda? Contacta amb nosaltres i t'ajudarem.","breadcrumb":{"@id":"https:\/\/lameldelavijoan.cat\/contacta-amb-nosaltres\/#breadcrumb"},"inLanguage":"es","potentialAction":[{"@type":"ReadAction","target":["https:\/\/lameldelavijoan.cat\/contacta-amb-nosaltres\/"]}]},{"@type":"ImageObject","inLanguage":"es","@id":"https:\/\/lameldelavijoan.cat\/contacta-amb-nosaltres\/#primaryimage","url":"https:\/\/lameldelavijoan.cat\/wp-content\/uploads\/2025\/12\/1a8ce0ab-6cf8-451f-acf3-3cf3eb39e3f8-1.webp","contentUrl":"https:\/\/lameldelavijoan.cat\/wp-content\/uploads\/2025\/12\/1a8ce0ab-6cf8-451f-acf3-3cf3eb39e3f8-1.webp","width":1590,"height":1328},{"@type":"BreadcrumbList","@id":"https:\/\/lameldelavijoan.cat\/contacta-amb-nosaltres\/#breadcrumb","itemListElement":[{"@type":"ListItem","position":1,"name":"Home","item":"https:\/\/lameldelavijoan.cat\/"},{"@type":"ListItem","position":2,"name":"Contacta amb nosaltres"}]},{"@type":"WebSite","@id":"https:\/\/lameldelavijoan.cat\/#website","url":"https:\/\/lameldelavijoan.cat\/","name":"La Mel de l'Avi Joan","description":"La Mel de l&#039;Avi Joan - Mel artesana del Bergued\u00e0","publisher":{"@id":"https:\/\/lameldelavijoan.cat\/#organization"},"alternateName":"La Mel de l'Avi Joan","potentialAction":[{"@type":"SearchAction","target":{"@type":"EntryPoint","urlTemplate":"https:\/\/lameldelavijoan.cat\/?s={search_term_string}"},"query-input":{"@type":"PropertyValueSpecification","valueRequired":true,"valueName":"search_term_string"}}],"inLanguage":"es"},{"@type":"Organization","@id":"https:\/\/lameldelavijoan.cat\/#organization","name":"La Mel de l'Avi Joan","url":"https:\/\/lameldelavijoan.cat\/","logo":{"@type":"ImageObject","inLanguage":"es","@id":"https:\/\/lameldelavijoan.cat\/#\/schema\/logo\/image\/","url":"https:\/\/lameldelavijoan.cat\/wp-content\/uploads\/2025\/09\/Grafics.ai-3.png","contentUrl":"https:\/\/lameldelavijoan.cat\/wp-content\/uploads\/2025\/09\/Grafics.ai-3.png","width":84,"height":74,"caption":"La Mel de l'Avi Joan"},"image":{"@id":"https:\/\/lameldelavijoan.cat\/#\/schema\/logo\/image\/"}}]}},"_links":{"self":[{"href":"https:\/\/lameldelavijoan.cat\/es\/wp-json\/wp\/v2\/pages\/25975232","targetHints":{"allow":["GET"]}}],"collection":[{"href":"https:\/\/lameldelavijoan.cat\/es\/wp-json\/wp\/v2\/pages"}],"about":[{"href":"https:\/\/lameldelavijoan.cat\/es\/wp-json\/wp\/v2\/types\/page"}],"author":[{"embeddable":true,"href":"https:\/\/lameldelavijoan.cat\/es\/wp-json\/wp\/v2\/users\/1"}],"replies":[{"embeddable":true,"href":"https:\/\/lameldelavijoan.cat\/es\/wp-json\/wp\/v2\/comments?post=25975232"}],"version-history":[{"count":15,"href":"https:\/\/lameldelavijoan.cat\/es\/wp-json\/wp\/v2\/pages\/25975232\/revisions"}],"predecessor-version":[{"id":25975257,"href":"https:\/\/lameldelavijoan.cat\/es\/wp-json\/wp\/v2\/pages\/25975232\/revisions\/25975257"}],"wp:featuredmedia":[{"embeddable":true,"href":"https:\/\/lameldelavijoan.cat\/es\/wp-json\/wp\/v2\/media\/25975082"}],"wp:attachment":[{"href":"https:\/\/lameldelavijoan.cat\/es\/wp-json\/wp\/v2\/media?parent=25975232"}],"curies":[{"name":"wp","href":"https:\/\/api.w.org\/{rel}","templated":true}]}}